{"id":219,"date":"2026-04-14T13:39:27","date_gmt":"2026-04-14T11:39:27","guid":{"rendered":"https:\/\/hawai.li\/crosstech\/?page_id=219"},"modified":"2026-04-29T14:12:37","modified_gmt":"2026-04-29T12:12:37","slug":"ueber-uns","status":"publish","type":"page","link":"https:\/\/crosstech.cc\/de\/ueber-uns\/","title":{"rendered":"\u00dcber uns"},"content":{"rendered":"\n<h2 class=\"wp-block-heading\"><strong><strong><strong>Sicherer Wiederaufbau: Umgang mit Explosionsgefahren in Post-Konflikt-Gebieten<\/strong><\/strong><\/strong><\/h2>\n\n\n\n<p>Crosstech ist der kommerzielle Zweig der FSD (Fondation suisse de d\u00e9minage), einer 1997 gegr\u00fcndeten humanit\u00e4ren Schweizer Non-Profit-Organisation. Die FSD ist alleinige Eigent\u00fcmerin von Crosstech, das auf das umfassende Fachwissen, die globale Erfahrung und die operativen Ressourcen der Organisation zur\u00fcckgreift, um hochwertige L\u00f6sungen f\u00fcr die Minenr\u00e4umung und das Risikomanagement bereitzustellen. Mit Eins\u00e4tzen in \u00fcber 30 L\u00e4ndern hat die FSD Tausende von Minenr\u00e4umer\u00b7innen ausgebildet, fortschrittliche R\u00e4umungsmethoden entwickelt und starke Partnerschaften mit Regierungen, internationalen Organisationen und dem Privatsektor aufgebaut \u2013 Ressourcen, die Crosstech nutzt, um Unternehmen zu unterst\u00fctzen, die in von Minen betroffenen Gebieten t\u00e4tig sind.<\/p>\n\n\n\n<h2 class=\"wp-block-heading\">Die FSD-Gruppe<\/h2>\n\n\n\n<div class=\"block basic-card-block card-block--normal\">\n    <section class=\"grid\">\n                    <article class=\"card border-radius--20\">\n                                    <figure>\n                                                                                    <picture>\n                                                                            <source\n                                            media=\"(min-width: 401px)\"\n                                            srcset=\"https:\/\/crosstech.cc\/wp-content\/uploads\/fly-images\/452\/FSD-logo-2-860x99999.webp 1x, https:\/\/crosstech.cc\/wp-content\/uploads\/fly-images\/452\/FSD-logo-2-1720x99999.webp 2x\">\n                                                                                                                <source\n                                            media=\"(max-width: 400px)\"\n                                            srcset=\"https:\/\/crosstech.cc\/wp-content\/uploads\/fly-images\/452\/FSD-logo-2-400x99999.webp 1x, https:\/\/crosstech.cc\/wp-content\/uploads\/fly-images\/452\/FSD-logo-2-800x99999.webp 2x\">\n                                                                        <img\n                                        class=\"logo\"\n                                                                                    srcset=\"https:\/\/crosstech.cc\/wp-content\/uploads\/fly-images\/452\/FSD-logo-2-400x99999.webp 300w, https:\/\/crosstech.cc\/wp-content\/uploads\/fly-images\/452\/FSD-logo-2-860x99999.webp 400w\"\n                                                                                src=\"https:\/\/crosstech.cc\/wp-content\/uploads\/fly-images\/452\/FSD-logo-2-860x99999.webp\"\n                                        alt=\"\"\n                                        loading=\"lazy\"\n                                        decoding=\"async\"\n                                        width=\"400\"\n                                        height=\"300\">\n                                <\/picture>\n                                                                        <\/figure>\n                                <div class=\"card--content\">\n                    <div class=\"content-up\">\n                        <h3 class=\"block--title\">FSD (FONDATION SUISSE DE D\u00c9MINAGE)<\/h3>\n                        <p>Die FSD wurde 1997 gegr\u00fcndet und ist eine humanit\u00e4re Nichtregierungsorganisation mit Sitz in Genf, Schweiz. Als Stiftung nach Schweizer Recht \u00fcberwacht sie die Aktivit\u00e4ten von Crosstech S.A. und FSD France und konsolidiert die Finanzberichte der gesamten Gruppe.<\/p>\n                    <\/div>\n                                            <a href=\"https:\/\/fsd.ch\/de\/ueber-uns\/\" class=\"btn--secondary\" target=\"\" rel=\"noopener\">\n                            \u00dcber                                                            <svg xmlns=\"http:\/\/www.w3.org\/2000\/svg\" fill=\"none\" viewBox=\"0 0 25 25\">\n  <!-- <path fill=\"#FCFCFC\" d=\"M12.5-.000001c-3.31479 0-6.49516 1.316941-8.83985 3.660151C1.31696 6.00478-.00001 9.18521-.00001 12.5c.002867 3.3148 1.32185 6.4918 3.66504 8.835h-.00098C6.00724 23.6783 9.18521 24.9972 12.5 25l.3105-.0039c3.0989-.077 6.0603-1.3033 8.3067-3.4395l.2226-.2168c2.27-2.2713 3.5768-5.3269 3.6563-8.5293L25 12.5c0-3.31479-1.3169-6.49516-3.6602-8.83985C18.9952 1.31697 15.8148 0 12.5-.000001ZM24 12.5c0 3.0495-1.2115 5.9757-3.3672 8.1328l-.4131.3926c-2.1099 1.9094-4.86 2.9734-7.7187 2.9736-3.04964-.0025-5.97297-1.2151-8.12894-3.3711C2.21631 18.4722 1.00286 15.5494.99999 12.5l.01367-.5703c.13165-2.65275 1.17869-5.18002 2.96094-7.14943l.39258-.41309C6.52438 2.21146 9.45049.999998 12.5.999999 15.3591 1 18.1096 2.06504 20.2197 3.97461l.4131.39258C22.7885 6.52438 24 9.45049 24 12.5Z\"\/> -->\n  <path fill=\"#FCFCFC\" d=\"M13.5833 17.6046c.2393.0014.4686-.0946.6377-.2637l4.1846-4.1831c.3511-.3525.3511-.9244 0-1.2769l-4.2207-4.22225c-.1691-.17054-.3998-.26656-.6391-.26656-.2394 0-.4701.09602-.6378.26656-.3525.35255-.3525.92296 0 1.27694l2.7101 2.71011H7.23299c-.48441.02-.86847.4185-.86847.9028 0 .4859.38406.8843.86847.9043h8.32091l-2.614 2.6112c-.258.258-.3354.6464-.195.9846.1391.3368.4687.5574.8341.556h.0043Z\"\/>\n<\/svg>\n                                                    <\/a>\n                                    <\/div>\n            <\/article>\n                    <article class=\"card border-radius--20\">\n                                    <figure>\n                                                                                    <picture>\n                                                                            <source\n                                            media=\"(min-width: 401px)\"\n                                            srcset=\"https:\/\/crosstech.cc\/wp-content\/uploads\/fly-images\/450\/Crosstech-logo-2-860x99999.webp 1x, https:\/\/crosstech.cc\/wp-content\/uploads\/fly-images\/450\/Crosstech-logo-2-1720x99999.webp 2x\">\n                                                                                                                <source\n                                            media=\"(max-width: 400px)\"\n                                            srcset=\"https:\/\/crosstech.cc\/wp-content\/uploads\/fly-images\/450\/Crosstech-logo-2-400x99999.webp 1x, https:\/\/crosstech.cc\/wp-content\/uploads\/fly-images\/450\/Crosstech-logo-2-800x99999.webp 2x\">\n                                                                        <img\n                                        class=\"logo\"\n                                                                                    srcset=\"https:\/\/crosstech.cc\/wp-content\/uploads\/fly-images\/450\/Crosstech-logo-2-400x99999.webp 300w, https:\/\/crosstech.cc\/wp-content\/uploads\/fly-images\/450\/Crosstech-logo-2-860x99999.webp 400w\"\n                                                                                src=\"https:\/\/crosstech.cc\/wp-content\/uploads\/fly-images\/450\/Crosstech-logo-2-860x99999.webp\"\n                                        alt=\"\"\n                                        loading=\"lazy\"\n                                        decoding=\"async\"\n                                        width=\"400\"\n                                        height=\"300\">\n                                <\/picture>\n                                                                        <\/figure>\n                                <div class=\"card--content\">\n                    <div class=\"content-up\">\n                        <h3 class=\"block--title\">CROSSTECH S.A.<\/h3>\n                        <p>Die Crosstech S.A. ist eine Handelsgesellschaft der FSD-Gruppe, einer Schweizer Aktiengesellschaft, die sich vollst\u00e4ndig im Besitz der FSD befindet und von dieser kontrolliert wird. Das im Jahr 2007 gegr\u00fcndete Unternehmen bietet Minenr\u00e4umdienste f\u00fcr Unternehmen an, die in potenziell mit Sprengk\u00f6rpern verseuchten Gebieten t\u00e4tig sind.<\/p>\n                    <\/div>\n                                            <a href=\"https:\/\/crosstech.cc\" class=\"btn--secondary\" target=\"_blank\">\n                            \u00dcber                                                            <svg xmlns=\"http:\/\/www.w3.org\/2000\/svg\" fill=\"none\" viewBox=\"0 0 25 25\">\n  <!-- <path fill=\"#FCFCFC\" d=\"M12.5-.000001c-3.31479 0-6.49516 1.316941-8.83985 3.660151C1.31696 6.00478-.00001 9.18521-.00001 12.5c.002867 3.3148 1.32185 6.4918 3.66504 8.835h-.00098C6.00724 23.6783 9.18521 24.9972 12.5 25l.3105-.0039c3.0989-.077 6.0603-1.3033 8.3067-3.4395l.2226-.2168c2.27-2.2713 3.5768-5.3269 3.6563-8.5293L25 12.5c0-3.31479-1.3169-6.49516-3.6602-8.83985C18.9952 1.31697 15.8148 0 12.5-.000001ZM24 12.5c0 3.0495-1.2115 5.9757-3.3672 8.1328l-.4131.3926c-2.1099 1.9094-4.86 2.9734-7.7187 2.9736-3.04964-.0025-5.97297-1.2151-8.12894-3.3711C2.21631 18.4722 1.00286 15.5494.99999 12.5l.01367-.5703c.13165-2.65275 1.17869-5.18002 2.96094-7.14943l.39258-.41309C6.52438 2.21146 9.45049.999998 12.5.999999 15.3591 1 18.1096 2.06504 20.2197 3.97461l.4131.39258C22.7885 6.52438 24 9.45049 24 12.5Z\"\/> -->\n  <path fill=\"#FCFCFC\" d=\"M13.5833 17.6046c.2393.0014.4686-.0946.6377-.2637l4.1846-4.1831c.3511-.3525.3511-.9244 0-1.2769l-4.2207-4.22225c-.1691-.17054-.3998-.26656-.6391-.26656-.2394 0-.4701.09602-.6378.26656-.3525.35255-.3525.92296 0 1.27694l2.7101 2.71011H7.23299c-.48441.02-.86847.4185-.86847.9028 0 .4859.38406.8843.86847.9043h8.32091l-2.614 2.6112c-.258.258-.3354.6464-.195.9846.1391.3368.4687.5574.8341.556h.0043Z\"\/>\n<\/svg>\n                                                    <\/a>\n                                    <\/div>\n            <\/article>\n                    <article class=\"card border-radius--20\">\n                                    <figure>\n                                                                                    <picture>\n                                                                            <source\n                                            media=\"(min-width: 401px)\"\n                                            srcset=\"https:\/\/crosstech.cc\/wp-content\/uploads\/fly-images\/451\/FSD-France-logo-2-860x99999.webp 1x, https:\/\/crosstech.cc\/wp-content\/uploads\/fly-images\/451\/FSD-France-logo-2-1720x99999.webp 2x\">\n                                                                                                                <source\n                                            media=\"(max-width: 400px)\"\n                                            srcset=\"https:\/\/crosstech.cc\/wp-content\/uploads\/fly-images\/451\/FSD-France-logo-2-400x99999.webp 1x, https:\/\/crosstech.cc\/wp-content\/uploads\/fly-images\/451\/FSD-France-logo-2-800x99999.webp 2x\">\n                                                                        <img\n                                        class=\"logo\"\n                                                                                    srcset=\"https:\/\/crosstech.cc\/wp-content\/uploads\/fly-images\/451\/FSD-France-logo-2-400x99999.webp 300w, https:\/\/crosstech.cc\/wp-content\/uploads\/fly-images\/451\/FSD-France-logo-2-860x99999.webp 400w\"\n                                                                                src=\"https:\/\/crosstech.cc\/wp-content\/uploads\/fly-images\/451\/FSD-France-logo-2-860x99999.webp\"\n                                        alt=\"\"\n                                        loading=\"lazy\"\n                                        decoding=\"async\"\n                                        width=\"400\"\n                                        height=\"300\">\n                                <\/picture>\n                                                                        <\/figure>\n                                <div class=\"card--content\">\n                    <div class=\"content-up\">\n                        <h3 class=\"block--title\">FSD FRANCE<\/h3>\n                        <p>Die FSD gr\u00fcndete im Jahr 2005 FSD France, um ihre humanit\u00e4re Wirkung zu verst\u00e4rken. FSD France ist ein Verein nach franz\u00f6sischem Recht und spielt eine wesentliche Rolle bei der Umsetzung der Projekte der FSD, insbesondere derjenigen, die von der Europ\u00e4ischen Union finanziert werden.<\/p>\n                    <\/div>\n                                            <a href=\"https:\/\/fsdfrance.fr\" class=\"btn--secondary\" target=\"_blank\" rel=\"noopener\">\n                            \u00dcber                                                            <svg xmlns=\"http:\/\/www.w3.org\/2000\/svg\" fill=\"none\" viewBox=\"0 0 25 25\">\n  <!-- <path fill=\"#FCFCFC\" d=\"M12.5-.000001c-3.31479 0-6.49516 1.316941-8.83985 3.660151C1.31696 6.00478-.00001 9.18521-.00001 12.5c.002867 3.3148 1.32185 6.4918 3.66504 8.835h-.00098C6.00724 23.6783 9.18521 24.9972 12.5 25l.3105-.0039c3.0989-.077 6.0603-1.3033 8.3067-3.4395l.2226-.2168c2.27-2.2713 3.5768-5.3269 3.6563-8.5293L25 12.5c0-3.31479-1.3169-6.49516-3.6602-8.83985C18.9952 1.31697 15.8148 0 12.5-.000001ZM24 12.5c0 3.0495-1.2115 5.9757-3.3672 8.1328l-.4131.3926c-2.1099 1.9094-4.86 2.9734-7.7187 2.9736-3.04964-.0025-5.97297-1.2151-8.12894-3.3711C2.21631 18.4722 1.00286 15.5494.99999 12.5l.01367-.5703c.13165-2.65275 1.17869-5.18002 2.96094-7.14943l.39258-.41309C6.52438 2.21146 9.45049.999998 12.5.999999 15.3591 1 18.1096 2.06504 20.2197 3.97461l.4131.39258C22.7885 6.52438 24 9.45049 24 12.5Z\"\/> -->\n  <path fill=\"#FCFCFC\" d=\"M13.5833 17.6046c.2393.0014.4686-.0946.6377-.2637l4.1846-4.1831c.3511-.3525.3511-.9244 0-1.2769l-4.2207-4.22225c-.1691-.17054-.3998-.26656-.6391-.26656-.2394 0-.4701.09602-.6378.26656-.3525.35255-.3525.92296 0 1.27694l2.7101 2.71011H7.23299c-.48441.02-.86847.4185-.86847.9028 0 .4859.38406.8843.86847.9043h8.32091l-2.614 2.6112c-.258.258-.3354.6464-.195.9846.1391.3368.4687.5574.8341.556h.0043Z\"\/>\n<\/svg>\n                                                    <\/a>\n                                    <\/div>\n            <\/article>\n            <\/section>\n<\/div>","protected":false},"excerpt":{"rendered":"<p>Sicherer Wiederaufbau: Umgang mit Explosionsgefahren in Post-Konflikt-Gebieten Crosstech ist der kommerzielle Zweig der FSD (Fondation suisse de d\u00e9minage), einer 1997 gegr\u00fcndeten humanit\u00e4ren Schweizer Non-Profit-Organisation. Die FSD ist alleinige Eigent\u00fcmerin von Crosstech, das auf das umfassende Fachwissen, die globale Erfahrung und die operativen Ressourcen der Organisation zur\u00fcckgreift, um hochwertige L\u00f6sungen f\u00fcr die Minenr\u00e4umung und das Risikomanagement [&hellip;]<\/p>\n","protected":false},"author":2,"featured_media":0,"parent":0,"menu_order":0,"comment_status":"closed","ping_status":"closed","template":"","meta":{"_acf_changed":false,"footnotes":""},"class_list":["post-219","page","type-page","status-publish","hentry"],"acf":[],"_links":{"self":[{"href":"https:\/\/crosstech.cc\/de\/wp-json\/wp\/v2\/pages\/219","targetHints":{"allow":["GET"]}}],"collection":[{"href":"https:\/\/crosstech.cc\/de\/wp-json\/wp\/v2\/pages"}],"about":[{"href":"https:\/\/crosstech.cc\/de\/wp-json\/wp\/v2\/types\/page"}],"author":[{"embeddable":true,"href":"https:\/\/crosstech.cc\/de\/wp-json\/wp\/v2\/users\/2"}],"replies":[{"embeddable":true,"href":"https:\/\/crosstech.cc\/de\/wp-json\/wp\/v2\/comments?post=219"}],"version-history":[{"count":6,"href":"https:\/\/crosstech.cc\/de\/wp-json\/wp\/v2\/pages\/219\/revisions"}],"predecessor-version":[{"id":456,"href":"https:\/\/crosstech.cc\/de\/wp-json\/wp\/v2\/pages\/219\/revisions\/456"}],"wp:attachment":[{"href":"https:\/\/crosstech.cc\/de\/wp-json\/wp\/v2\/media?parent=219"}],"curies":[{"name":"wp","href":"https:\/\/api.w.org\/{rel}","templated":true}]}}